{"id":1367,"date":"2025-11-09T11:32:15","date_gmt":"2025-11-09T11:32:15","guid":{"rendered":"https:\/\/leca-sevestre.com\/?page_id=1367"},"modified":"2025-11-15T09:17:19","modified_gmt":"2025-11-15T09:17:19","slug":"mentions-legales","status":"publish","type":"page","link":"https:\/\/leca-sevestre.com\/en\/mentions-legales\/","title":{"rendered":"Legal notice"},"content":{"rendered":"<div data-elementor-type=\"wp-page\" data-elementor-id=\"1367\" class=\"elementor elementor-1367\" data-elementor-post-type=\"page\">\n\t\t\t\t<div class=\"elementor-element elementor-element-7926348f e-con-full e-flex e-con e-parent\" data-id=\"7926348f\" data-element_type=\"container\" data-e-type=\"container\" data-settings=\"{&quot;background_background&quot;:&quot;classic&quot;}\">\n\t\t<div class=\"elementor-element elementor-element-4a5296bf e-grid e-con-boxed e-con e-child\" data-id=\"4a5296bf\" data-element_type=\"container\" data-e-type=\"container\" data-settings=\"{&quot;background_background&quot;:&quot;classic&quot;}\">\n\t\t\t\t\t<div class=\"e-con-inner\">\n\t\t<div class=\"elementor-element elementor-element-7aa6f751 e-con-full e-flex e-con e-child\" data-id=\"7aa6f751\" data-element_type=\"container\" data-e-type=\"container\">\n\t\t\t\t<div class=\"elementor-element elementor-element-1c272d76 elementor-widget elementor-widget-heading\" data-id=\"1c272d76\" data-element_type=\"widget\" data-e-type=\"widget\" data-widget_type=\"heading.default\">\n\t\t\t\t\t<h1 class=\"elementor-heading-title elementor-size-default\">Legal notice <\/h1>\t\t\t\t<\/div>\n\t\t\t\t<div class=\"elementor-element elementor-element-358b3e51 elementor-widget elementor-widget-text-editor\" data-id=\"358b3e51\" data-element_type=\"widget\" data-e-type=\"widget\" data-widget_type=\"text-editor.default\">\n\t\t\t\t\t\t\t\t\t<p><span data-contrast=\"auto\">The website <\/span><a href=\"https:\/\/leca-sevestre.com\/en\/\"><span data-contrast=\"none\">www.leca-sevestre.com<\/span><\/a><span data-contrast=\"auto\"> (hereinafter referred to as the \u201cWebsite\u201d) is published by Leca Sevestre Avocats, a law firm with individual professional liability (AARPI), registered with the Paris Bar.<\/span><span data-ccp-props=\"{&quot;134233117&quot;:false,&quot;134233118&quot;:false,&quot;201341983&quot;:0,&quot;335551550&quot;:6,&quot;335551620&quot;:6,&quot;335559738&quot;:0,&quot;335559739&quot;:160,&quot;335559740&quot;:257}\">\u00a0<\/span><\/p><p><b><span data-contrast=\"auto\">Address<\/span><\/b><span data-contrast=\"auto\"> : 3 rue Saint-Philippe du Roule, 75008 Paris, France<\/span><\/p><p><b><span data-contrast=\"auto\">SIRET<\/span><\/b><span data-contrast=\"auto\"> : 99172727200015<\/span><span data-ccp-props=\"{&quot;134233117&quot;:false,&quot;134233118&quot;:false,&quot;201341983&quot;:0,&quot;335551550&quot;:6,&quot;335551620&quot;:6,&quot;335559738&quot;:0,&quot;335559739&quot;:160,&quot;335559740&quot;:257}\">\u00a0<\/span><\/p><p><b><span data-contrast=\"auto\">VAT number<\/span><\/b><span data-contrast=\"auto\"> :\u00a0 FR59991727272<\/span><span data-ccp-props=\"{&quot;134233117&quot;:false,&quot;134233118&quot;:false,&quot;201341983&quot;:0,&quot;335551550&quot;:6,&quot;335551620&quot;:6,&quot;335559738&quot;:0,&quot;335559739&quot;:160,&quot;335559740&quot;:257}\">\u00a0<\/span><\/p><p><b><span data-contrast=\"auto\">Email<\/span><\/b><span data-contrast=\"auto\"> : <\/span><a href=\"mailto:contact@leca-sevestre.com\"><span data-contrast=\"none\">contact@leca-sevestre.com<\/span><\/a><span data-contrast=\"auto\">\u00a0\u00a0<\/span><span data-ccp-props=\"{&quot;134233117&quot;:false,&quot;134233118&quot;:false,&quot;201341983&quot;:0,&quot;335551550&quot;:6,&quot;335551620&quot;:6,&quot;335559738&quot;:0,&quot;335559739&quot;:160,&quot;335559740&quot;:257}\">\u00a0<\/span><\/p><p><b><span data-contrast=\"auto\">Phone<\/span><\/b><span data-contrast=\"auto\"> : 07 60 24 23 59<\/span><span data-ccp-props=\"{&quot;134233117&quot;:false,&quot;134233118&quot;:false,&quot;201341983&quot;:0,&quot;335551550&quot;:6,&quot;335551620&quot;:6,&quot;335559738&quot;:0,&quot;335559739&quot;:160,&quot;335559740&quot;:257}\">\u00a0<\/span><\/p><p><b><span data-contrast=\"auto\">Publishing Director<\/span><\/b><span data-contrast=\"auto\"> : Jean-Baptiste Leca\u00a0<\/span><span data-ccp-props=\"{&quot;134233117&quot;:false,&quot;134233118&quot;:false,&quot;201341983&quot;:0,&quot;335551550&quot;:6,&quot;335551620&quot;:6,&quot;335559738&quot;:0,&quot;335559739&quot;:160,&quot;335559740&quot;:257}\">\u00a0<\/span><\/p><p><span data-contrast=\"auto\">\u00a0<\/span><span data-ccp-props=\"{&quot;134233117&quot;:false,&quot;134233118&quot;:false,&quot;201341983&quot;:0,&quot;335551550&quot;:6,&quot;335551620&quot;:6,&quot;335559738&quot;:0,&quot;335559739&quot;:160,&quot;335559740&quot;:257}\">\u00a0<\/span><\/p><p><span data-contrast=\"auto\">The Website is hosted by OVH, SAS registered at RCS Lille M\u00e9tropole No. 424 761 419 00045<\/span><\/p><p><b><span data-contrast=\"auto\">Address<\/span><\/b><span data-contrast=\"auto\"> : <\/span><span data-contrast=\"auto\">2 rue Kellermann, 59100 Roubaix, France<\/span><\/p><p><b><span data-contrast=\"auto\">Phone<\/span><\/b><span data-contrast=\"auto\"> :<\/span><span data-contrast=\"auto\"> 05 22 26 00 86<\/span><\/p><p><span data-contrast=\"auto\">The Website was created by <a href=\"https:\/\/www.linkedin.com\/in\/thomaslafond\/\">Thomas Lafond<\/a><\/span><\/p>\t\t\t\t\t\t\t\t<\/div>\n\t\t\t\t<div class=\"elementor-element elementor-element-2d080e3d elementor-widget elementor-widget-heading\" data-id=\"2d080e3d\" data-element_type=\"widget\" data-e-type=\"widget\" data-widget_type=\"heading.default\">\n\t\t\t\t\t<h2 class=\"elementor-heading-title elementor-size-default\">Intellectual property<\/h2>\t\t\t\t<\/div>\n\t\t\t\t<div class=\"elementor-element elementor-element-578c0297 elementor-widget elementor-widget-text-editor\" data-id=\"578c0297\" data-element_type=\"widget\" data-e-type=\"widget\" data-widget_type=\"text-editor.default\">\n\t\t\t\t\t\t\t\t\t<p><span class=\"TextRun SCXW77148846 BCX0\" lang=\"FR-FR\" xml:lang=\"FR-FR\" data-contrast=\"auto\"><span class=\"NormalTextRun SCXW77148846 BCX0\">This Website as a whole and its content are protected by intellectual property rights and are the exclusive property of or are licensed to Leca Sevestre Avocats. Unless expressly authorized, the reproduction and any use of the content of this Website for purposes other than individual and private consultation are prohibited. Hypertext links to the site may only be created with the prior written authorization of the Publisher, which authorization may be revoked at any time. All sites with a hypertext link to this site are not under the control of the Publisher, who therefore declines all responsibility for the access and content of these sites.<\/span><\/span><\/p>\t\t\t\t\t\t\t\t<\/div>\n\t\t\t\t<div class=\"elementor-element elementor-element-a89e0ee elementor-widget elementor-widget-heading\" data-id=\"a89e0ee\" data-element_type=\"widget\" data-e-type=\"widget\" data-widget_type=\"heading.default\">\n\t\t\t\t\t<h2 class=\"elementor-heading-title elementor-size-default\">Guarantees<\/h2>\t\t\t\t<\/div>\n\t\t\t\t<div class=\"elementor-element elementor-element-91a727b elementor-widget elementor-widget-text-editor\" data-id=\"91a727b\" data-element_type=\"widget\" data-e-type=\"widget\" data-widget_type=\"text-editor.default\">\n\t\t\t\t\t\t\t\t\t<p><span class=\"TextRun SCXW69157044 BCX0\" lang=\"FR-FR\" xml:lang=\"FR-FR\" data-contrast=\"auto\"><span class=\"NormalTextRun SCXW69157044 BCX0\">The Publisher makes no commitment regarding availability and does not guarantee that the site is free of errors. The Publisher is free to modify the content of the site at any time and without notice. The Publisher declines all responsibility for access to and the content of third-party sites referenced on this Website. Links to these third-party websites do not in any way constitute an endorsement by the Publisher of the content of these third-party websites. Under no circumstances may Leca Sevestre Avocats be held liable for any direct or indirect damage resulting from the consultation or use of this Website.<\/span><\/span><\/p>\t\t\t\t\t\t\t\t<\/div>\n\t\t\t\t<div class=\"elementor-element elementor-element-eb4b187 elementor-widget elementor-widget-heading\" data-id=\"eb4b187\" data-element_type=\"widget\" data-e-type=\"widget\" data-widget_type=\"heading.default\">\n\t\t\t\t\t<h2 class=\"elementor-heading-title elementor-size-default\">Mediator<\/h2>\t\t\t\t<\/div>\n\t\t\t\t<div class=\"elementor-element elementor-element-d28bd2a elementor-widget elementor-widget-text-editor\" data-id=\"d28bd2a\" data-element_type=\"widget\" data-e-type=\"widget\" data-widget_type=\"text-editor.default\">\n\t\t\t\t\t\t\t\t\t<p class=\"translation-block\">In accordance with the provisions of Articles L612-1 et seq. of the French Consumer Code, in the event of a dispute, you may refer the matter free of charge to the Consumer Mediator at the French National Bar Council (CNB), whose contact details are as follows: CNB, M\u00e9diateur \u00e0 la consommation, 180 boulevard Haussman, 75008 Paris, France.<\/p>\t\t\t\t\t\t\t\t<\/div>\n\t\t\t\t<\/div>\n\t\t\t\t\t<\/div>\n\t\t\t\t<\/div>\n\t\t\t\t<\/div>\n\t\t\t\t<\/div>","protected":false},"excerpt":{"rendered":"<p>Mentions L\u00e9gales Le site internet www.leca-sevestre.com (ci-apr\u00e8s, le \u00ab Site \u00bb) est \u00e9dit\u00e9 par Leca Sevestre Avocats, Association d\u2019Avocats \u00e0 Responsabilit\u00e9 Professionnelle Individuelle (AARPI), inscrite au Barreau de Paris.\u00a0 Adresse : 3 rue Saint-Philippe du Roule, 75008 Paris, France SIRET : 99172727200015\u00a0 Num\u00e9ro TVA :\u00a0 FR59991727272\u00a0 Email : contact@leca-sevestre.com\u00a0\u00a0\u00a0 T\u00e9l\u00e9phone : 07 60 24 23 [&hellip;]<\/p>\n","protected":false},"author":2,"featured_media":0,"parent":0,"menu_order":0,"comment_status":"closed","ping_status":"closed","template":"","meta":{"_acf_changed":false,"footnotes":""},"class_list":["post-1367","page","type-page","status-publish","hentry"],"acf":[],"yoast_head":"<!-- This site is optimized with the Yoast SEO plugin v27.4 - https:\/\/yoast.com\/product\/yoast-seo-wordpress\/ -->\n<title>Mentions l\u00e9gales | Leca Sevestre Avocats<\/title>\n<meta name=\"robots\" content=\"index, follow, max-snippet:-1, max-image-preview:large, max-video-preview:-1\" \/>\n<link rel=\"canonical\" href=\"https:\/\/leca-sevestre.com\/en\/mentions-legales\/\" \/>\n<meta property=\"og:locale\" content=\"en_GB\" \/>\n<meta property=\"og:type\" content=\"article\" \/>\n<meta property=\"og:title\" content=\"Mentions l\u00e9gales | Leca Sevestre Avocats\" \/>\n<meta property=\"og:description\" content=\"Mentions L\u00e9gales Le site internet www.leca-sevestre.com (ci-apr\u00e8s, le \u00ab Site \u00bb) est \u00e9dit\u00e9 par Leca Sevestre Avocats, Association d\u2019Avocats \u00e0 Responsabilit\u00e9 Professionnelle Individuelle (AARPI), inscrite au Barreau de Paris.\u00a0 Adresse : 3 rue Saint-Philippe du Roule, 75008 Paris, France SIRET : 99172727200015\u00a0 Num\u00e9ro TVA :\u00a0 FR59991727272\u00a0 Email : contact@leca-sevestre.com\u00a0\u00a0\u00a0 T\u00e9l\u00e9phone : 07 60 24 23 [&hellip;]\" \/>\n<meta property=\"og:url\" content=\"https:\/\/leca-sevestre.com\/en\/mentions-legales\/\" \/>\n<meta property=\"og:site_name\" content=\"Leca Sevestre Avocats\" \/>\n<meta property=\"article:modified_time\" content=\"2025-11-15T09:17:19+00:00\" \/>\n<meta name=\"twitter:card\" content=\"summary_large_image\" \/>\n<meta name=\"twitter:label1\" content=\"Estimated reading time\" \/>\n\t<meta name=\"twitter:data1\" content=\"2 minutes\" \/>\n<script type=\"application\/ld+json\" class=\"yoast-schema-graph\">{\"@context\":\"https:\\\/\\\/schema.org\",\"@graph\":[{\"@type\":\"WebPage\",\"@id\":\"https:\\\/\\\/leca-sevestre.com\\\/mentions-legales\\\/\",\"url\":\"https:\\\/\\\/leca-sevestre.com\\\/mentions-legales\\\/\",\"name\":\"Mentions l\u00e9gales | Leca Sevestre Avocats\",\"isPartOf\":{\"@id\":\"https:\\\/\\\/leca-sevestre.com\\\/it\\\/#website\"},\"datePublished\":\"2025-11-09T11:32:15+00:00\",\"dateModified\":\"2025-11-15T09:17:19+00:00\",\"breadcrumb\":{\"@id\":\"https:\\\/\\\/leca-sevestre.com\\\/mentions-legales\\\/#breadcrumb\"},\"inLanguage\":\"en-GB\",\"potentialAction\":[{\"@type\":\"ReadAction\",\"target\":[\"https:\\\/\\\/leca-sevestre.com\\\/mentions-legales\\\/\"]}]},{\"@type\":\"BreadcrumbList\",\"@id\":\"https:\\\/\\\/leca-sevestre.com\\\/mentions-legales\\\/#breadcrumb\",\"itemListElement\":[{\"@type\":\"ListItem\",\"position\":1,\"name\":\"Accueil\",\"item\":\"https:\\\/\\\/leca-sevestre.com\\\/\"},{\"@type\":\"ListItem\",\"position\":2,\"name\":\"Mentions l\u00e9gales\"}]},{\"@type\":\"WebSite\",\"@id\":\"https:\\\/\\\/leca-sevestre.com\\\/it\\\/#website\",\"url\":\"https:\\\/\\\/leca-sevestre.com\\\/it\\\/\",\"name\":\"Leca Sevestre Avocats\",\"description\":\"Cabinet d&#039;avocats d\u00e9di\u00e9 \u00e0 la propri\u00e9t\u00e9 intellectuelle et au droit des industries\",\"publisher\":{\"@id\":\"https:\\\/\\\/leca-sevestre.com\\\/it\\\/#organization\"},\"potentialAction\":[{\"@type\":\"SearchAction\",\"target\":{\"@type\":\"EntryPoint\",\"urlTemplate\":\"https:\\\/\\\/leca-sevestre.com\\\/it\\\/?s={search_term_string}\"},\"query-input\":{\"@type\":\"PropertyValueSpecification\",\"valueRequired\":true,\"valueName\":\"search_term_string\"}}],\"inLanguage\":\"en-GB\"},{\"@type\":\"Organization\",\"@id\":\"https:\\\/\\\/leca-sevestre.com\\\/it\\\/#organization\",\"name\":\"Leca Sevestre Avocats\",\"url\":\"https:\\\/\\\/leca-sevestre.com\\\/it\\\/\",\"logo\":{\"@type\":\"ImageObject\",\"inLanguage\":\"en-GB\",\"@id\":\"https:\\\/\\\/leca-sevestre.com\\\/it\\\/#\\\/schema\\\/logo\\\/image\\\/\",\"url\":\"https:\\\/\\\/leca-sevestre.com\\\/wp-content\\\/uploads\\\/2025\\\/11\\\/Logo-signature-mail.png\",\"contentUrl\":\"https:\\\/\\\/leca-sevestre.com\\\/wp-content\\\/uploads\\\/2025\\\/11\\\/Logo-signature-mail.png\",\"width\":1000,\"height\":169,\"caption\":\"Leca Sevestre Avocats\"},\"image\":{\"@id\":\"https:\\\/\\\/leca-sevestre.com\\\/it\\\/#\\\/schema\\\/logo\\\/image\\\/\"},\"sameAs\":[\"https:\\\/\\\/www.linkedin.com\\\/company\\\/leca-sevestre-avocats\\\/\"]}]}<\/script>\n<!-- \/ Yoast SEO plugin. -->","yoast_head_json":{"title":"Mentions l\u00e9gales | Leca Sevestre Avocats","robots":{"index":"index","follow":"follow","max-snippet":"max-snippet:-1","max-image-preview":"max-image-preview:large","max-video-preview":"max-video-preview:-1"},"canonical":"https:\/\/leca-sevestre.com\/en\/mentions-legales\/","og_locale":"en_GB","og_type":"article","og_title":"Mentions l\u00e9gales | Leca Sevestre Avocats","og_description":"Mentions L\u00e9gales Le site internet www.leca-sevestre.com (ci-apr\u00e8s, le \u00ab Site \u00bb) est \u00e9dit\u00e9 par Leca Sevestre Avocats, Association d\u2019Avocats \u00e0 Responsabilit\u00e9 Professionnelle Individuelle (AARPI), inscrite au Barreau de Paris.\u00a0 Adresse : 3 rue Saint-Philippe du Roule, 75008 Paris, France SIRET : 99172727200015\u00a0 Num\u00e9ro TVA :\u00a0 FR59991727272\u00a0 Email : contact@leca-sevestre.com\u00a0\u00a0\u00a0 T\u00e9l\u00e9phone : 07 60 24 23 [&hellip;]","og_url":"https:\/\/leca-sevestre.com\/en\/mentions-legales\/","og_site_name":"Leca Sevestre Avocats","article_modified_time":"2025-11-15T09:17:19+00:00","twitter_card":"summary_large_image","twitter_misc":{"Estimated reading time":"2 minutes"},"schema":{"@context":"https:\/\/schema.org","@graph":[{"@type":"WebPage","@id":"https:\/\/leca-sevestre.com\/mentions-legales\/","url":"https:\/\/leca-sevestre.com\/mentions-legales\/","name":"Mentions l\u00e9gales | Leca Sevestre Avocats","isPartOf":{"@id":"https:\/\/leca-sevestre.com\/it\/#website"},"datePublished":"2025-11-09T11:32:15+00:00","dateModified":"2025-11-15T09:17:19+00:00","breadcrumb":{"@id":"https:\/\/leca-sevestre.com\/mentions-legales\/#breadcrumb"},"inLanguage":"en-GB","potentialAction":[{"@type":"ReadAction","target":["https:\/\/leca-sevestre.com\/mentions-legales\/"]}]},{"@type":"BreadcrumbList","@id":"https:\/\/leca-sevestre.com\/mentions-legales\/#breadcrumb","itemListElement":[{"@type":"ListItem","position":1,"name":"Accueil","item":"https:\/\/leca-sevestre.com\/"},{"@type":"ListItem","position":2,"name":"Mentions l\u00e9gales"}]},{"@type":"WebSite","@id":"https:\/\/leca-sevestre.com\/it\/#website","url":"https:\/\/leca-sevestre.com\/it\/","name":"Leca Sevestre Avocats","description":"Cabinet d&#039;avocats d\u00e9di\u00e9 \u00e0 la propri\u00e9t\u00e9 intellectuelle et au droit des industries","publisher":{"@id":"https:\/\/leca-sevestre.com\/it\/#organization"},"potentialAction":[{"@type":"SearchAction","target":{"@type":"EntryPoint","urlTemplate":"https:\/\/leca-sevestre.com\/it\/?s={search_term_string}"},"query-input":{"@type":"PropertyValueSpecification","valueRequired":true,"valueName":"search_term_string"}}],"inLanguage":"en-GB"},{"@type":"Organization","@id":"https:\/\/leca-sevestre.com\/it\/#organization","name":"Leca Sevestre Avocats","url":"https:\/\/leca-sevestre.com\/it\/","logo":{"@type":"ImageObject","inLanguage":"en-GB","@id":"https:\/\/leca-sevestre.com\/it\/#\/schema\/logo\/image\/","url":"https:\/\/leca-sevestre.com\/wp-content\/uploads\/2025\/11\/Logo-signature-mail.png","contentUrl":"https:\/\/leca-sevestre.com\/wp-content\/uploads\/2025\/11\/Logo-signature-mail.png","width":1000,"height":169,"caption":"Leca Sevestre Avocats"},"image":{"@id":"https:\/\/leca-sevestre.com\/it\/#\/schema\/logo\/image\/"},"sameAs":["https:\/\/www.linkedin.com\/company\/leca-sevestre-avocats\/"]}]}},"_links":{"self":[{"href":"https:\/\/leca-sevestre.com\/en\/wp-json\/wp\/v2\/pages\/1367","targetHints":{"allow":["GET"]}}],"collection":[{"href":"https:\/\/leca-sevestre.com\/en\/wp-json\/wp\/v2\/pages"}],"about":[{"href":"https:\/\/leca-sevestre.com\/en\/wp-json\/wp\/v2\/types\/page"}],"author":[{"embeddable":true,"href":"https:\/\/leca-sevestre.com\/en\/wp-json\/wp\/v2\/users\/2"}],"replies":[{"embeddable":true,"href":"https:\/\/leca-sevestre.com\/en\/wp-json\/wp\/v2\/comments?post=1367"}],"version-history":[{"count":10,"href":"https:\/\/leca-sevestre.com\/en\/wp-json\/wp\/v2\/pages\/1367\/revisions"}],"predecessor-version":[{"id":1382,"href":"https:\/\/leca-sevestre.com\/en\/wp-json\/wp\/v2\/pages\/1367\/revisions\/1382"}],"wp:attachment":[{"href":"https:\/\/leca-sevestre.com\/en\/wp-json\/wp\/v2\/media?parent=1367"}],"curies":[{"name":"wp","href":"https:\/\/api.w.org\/{rel}","templated":true}]}}